{"id":1183,"date":"2020-01-11T19:15:44","date_gmt":"2020-01-11T19:15:44","guid":{"rendered":"https:\/\/the7.io\/construction\/?page_id=1183"},"modified":"2023-03-29T14:12:31","modified_gmt":"2023-03-29T17:12:31","slug":"nossos-enderecos","status":"publish","type":"page","link":"https:\/\/ecolavtruck.com.br\/site\/nossos-enderecos\/","title":{"rendered":"Nossos endere\u00e7os"},"content":{"rendered":"<div class=\"wpb-content-wrapper\"><p>[vc_row css=&#8221;.vc_custom_1654026005052{padding-bottom: 10px !important;}&#8221;][vc_column width=&#8221;1\/2&#8243;][vc_row_inner][vc_column_inner]<div id=\"ultimate-heading-196569d37805588aa\" class=\"uvc-heading ult-adjust-bottom-margin ultimate-heading-196569d37805588aa uvc-6847 \" data-hspacer=\"no_spacer\"  data-halign=\"center\" style=\"text-align:center\"><div class=\"uvc-heading-spacer no_spacer\" style=\"top\"><\/div><div class=\"uvc-main-heading ult-responsive\"  data-ultimate-target='.uvc-heading.ultimate-heading-196569d37805588aa h2'  data-responsive-json-new='{\"font-size\":\"desktop:16px;\",\"line-height\":\"\"}' ><h2 style=\"font-weight:normal;margin-bottom:15px;\">Unidade I Arauc\u00e1ria PR - Br 476 Rod. do Xisto KM 16 - Chapada (anexo ao Posto Cupim ao lado da Petrobras)<\/h2><\/div><div class=\"uvc-sub-heading ult-responsive\"  data-ultimate-target='.uvc-heading.ultimate-heading-196569d37805588aa .uvc-sub-heading '  data-responsive-json-new='{\"font-size\":\"\",\"line-height\":\"\"}'  style=\"font-weight:normal;\"><iframe loading=\"lazy\" style=\"border: 0;\" src=\"https:\/\/www.google.com\/maps\/embed?pb=!1m14!1m8!1m3!1d14397.320443176195!2d-49.3713184!3d-25.5606819!3m2!1i1024!2i768!4f13.1!3m3!1m2!1s0x94dd028713da0e7b%3A0xe3c7db8f11500bb6!2sPosto%20O%20Cupim%207!5e0!3m2!1spt-BR!2sbr!4v1680109922362!5m2!1spt-BR!2sbr\" width=\"600\" height=\"300\" allowfullscreen=\"allowfullscreen\"><\/iframe><\/div><\/div>[\/vc_column_inner][\/vc_row_inner][\/vc_column][vc_column width=&#8221;1\/2&#8243;][vc_row_inner][vc_column_inner]<div id=\"ultimate-heading-429769d3780558946\" class=\"uvc-heading ult-adjust-bottom-margin ultimate-heading-429769d3780558946 uvc-7577 \" data-hspacer=\"no_spacer\"  data-halign=\"center\" style=\"text-align:center\"><div class=\"uvc-heading-spacer no_spacer\" style=\"top\"><\/div><div class=\"uvc-main-heading ult-responsive\"  data-ultimate-target='.uvc-heading.ultimate-heading-429769d3780558946 h2'  data-responsive-json-new='{\"font-size\":\"desktop:16px;\",\"line-height\":\"\"}' ><h2 style=\"font-weight:normal;margin-bottom:15px;\">Unidade II Arauc\u00e1ria PR - Br 476 Rod. do Xisto KM 25 - Bela Vista (anexo ao Posto Tio Zico pr\u00f3x. posto da Policia Rodovi\u00e1ria)<\/h2><\/div><div class=\"uvc-sub-heading ult-responsive\"  data-ultimate-target='.uvc-heading.ultimate-heading-429769d3780558946 .uvc-sub-heading '  data-responsive-json-new='{\"font-size\":\"\",\"line-height\":\"\"}'  style=\"font-weight:normal;\"><iframe loading=\"lazy\" style=\"border: 0;\" src=\"https:\/\/www.google.com\/maps\/embed?pb=!1m18!1m12!1m3!1d6050.553585280059!2d-49.42844232058815!3d-25.61552477219145!2m3!1f0!2f0!3f0!3m2!1i1024!2i768!4f13.1!3m3!1m2!1s0x94dd033e354e61eb%3A0x6c80e6f2d414635b!2sPosto%20Tio%20Zico%20IV!5e0!3m2!1spt-BR!2sbr!4v1654025594918!5m2!1spt-BR!2sbr\" width=\"600\" height=\"300\" allowfullscreen=\"allowfullscreen\"><\/iframe><\/div><\/div>[\/vc_column_inner][\/vc_row_inner][\/vc_column][\/vc_row]<\/p>\n<\/div>","protected":false},"excerpt":{"rendered":"<p>[vc_row css=&#8221;.vc_custom_1654026005052{padding-bottom: 10px !important;}&#8221;][vc_column width=&#8221;1\/2&#8243;][vc_row_inner][vc_column_inner][\/vc_column_inner][\/vc_row_inner][\/vc_column][vc_column width=&#8221;1\/2&#8243;][vc_row_inner][vc_column_inner][\/vc_column_inner][\/vc_row_inner][\/vc_column][\/vc_row]<\/p>\n","protected":false},"author":1,"featured_media":0,"parent":0,"menu_order":0,"comment_status":"closed","ping_status":"closed","template":"","meta":{"footnotes":""},"class_list":["post-1183","page","type-page","status-publish","hentry","description-off"],"_links":{"self":[{"href":"https:\/\/ecolavtruck.com.br\/site\/wp-json\/wp\/v2\/pages\/1183","targetHints":{"allow":["GET"]}}],"collection":[{"href":"https:\/\/ecolavtruck.com.br\/site\/wp-json\/wp\/v2\/pages"}],"about":[{"href":"https:\/\/ecolavtruck.com.br\/site\/wp-json\/wp\/v2\/types\/page"}],"author":[{"embeddable":true,"href":"https:\/\/ecolavtruck.com.br\/site\/wp-json\/wp\/v2\/users\/1"}],"replies":[{"embeddable":true,"href":"https:\/\/ecolavtruck.com.br\/site\/wp-json\/wp\/v2\/comments?post=1183"}],"version-history":[{"count":7,"href":"https:\/\/ecolavtruck.com.br\/site\/wp-json\/wp\/v2\/pages\/1183\/revisions"}],"predecessor-version":[{"id":1451,"href":"https:\/\/ecolavtruck.com.br\/site\/wp-json\/wp\/v2\/pages\/1183\/revisions\/1451"}],"wp:attachment":[{"href":"https:\/\/ecolavtruck.com.br\/site\/wp-json\/wp\/v2\/media?parent=1183"}],"curies":[{"name":"wp","href":"https:\/\/api.w.org\/{rel}","templated":true}]}}